{"id":618,"date":"2022-06-14T17:56:32","date_gmt":"2022-06-14T15:56:32","guid":{"rendered":"https:\/\/www.cernamadona.com\/celetna\/en\/?page_id=618"},"modified":"2023-10-22T22:05:50","modified_gmt":"2023-10-22T20:05:50","slug":"house-of-the-black-mother","status":"publish","type":"page","link":"https:\/\/www.cernamadona.com\/celetna\/en\/house-of-the-black-mother\/","title":{"rendered":"D\u016fm U \u010cern\u00e9 Matky Bo\u017e\u00ed"},"content":{"rendered":"\n<div style=\"height:140px\" aria-hidden=\"true\" class=\"wp-block-spacer\"><\/div>\n\n\n\n<div class=\"wp-block-group alignwide is-layout-flow wp-block-group-is-layout-flow\">\n<h2 class=\"wp-block-heading has-ast-global-color-4-color has-text-color\">D\u016fm U \u010cern\u00e9 Matky Bo\u017e\u00ed (The House of the Black Mother)<\/h2>\n<\/div>\n\n\n\n<p style=\"font-size:18px\">The House of the Black Mother (U \u010cern\u00e9 Matky Bo\u017e\u00ed), sometimes referred to as Black Mother of the Lord, was designed and built between 1911 and 1912 on the corner of Celetn\u00e1 Street and Ovocn\u00fd trh. Josef Go\u010d\u00e1r built the house as the first example of cubist architecture in Prague, and it remains probably the most celebrated. Even without historical details of the baroque building surrounding it, the House of the Black Madonna maintains the atmosphere of the neighborhood. The house was given its name by the stone sculpture that originally adorned one of the two Baroque buildings on the same lot. After many years altered use in the interwar period and under communist rule, the house was closed in January 2002 and re-opened after extensive restoration in November 2003.<\/p>\n\n\n\n<p style=\"font-size:18px\">Go\u010d\u00e1r designed the house in mid-1911 at the age of 31 for the wholesale merchant Franti\u0161ek Josef Herbst. Herbst chose Go\u010d\u00e1r to build his department store in the Old Town along the old coronation route because of the architect\u2019s earlier success with a similar shop in Jarom\u011b\u0159, built in 1909-1911. Because of its prominent location in the heart of the city, Go\u010d\u00e1r\u2019s building was subject to strict harmonization rules requiring that the department store not conflict with its historical setting. The building thus uses the language of baroque architecture in a Cubist form, thus exemplifying the \u2018contextualization\u2019 of Cubist architecture.<\/p>\n\n\n\n<figure class=\"wp-block-gallery alignwide has-nested-images columns-default is-cropped wp-block-gallery-1 is-layout-flex wp-block-gallery-is-layout-flex\">\n<figure class=\"wp-block-image size-large\"><img loading=\"lazy\" decoding=\"async\" width=\"1200\" height=\"1500\" data-id=\"642\" src=\"https:\/\/www.cernamadona.com\/celetna\/en\/wp-content\/uploads\/P8090922.jpeg.jpg\" alt=\"\" class=\"wp-image-642\" srcset=\"https:\/\/www.cernamadona.com\/celetna\/en\/wp-content\/uploads\/P8090922.jpeg.jpg 1200w, https:\/\/www.cernamadona.com\/celetna\/en\/wp-content\/uploads\/P8090922.jpeg-480x600.jpg 480w, https:\/\/www.cernamadona.com\/celetna\/en\/wp-content\/uploads\/P8090922.jpeg-768x960.jpg 768w\" sizes=\"auto, (max-width: 1200px) 100vw, 1200px\" \/><\/figure>\n\n\n\n<figure class=\"wp-block-image size-large\"><img loading=\"lazy\" decoding=\"async\" width=\"1200\" height=\"1500\" data-id=\"635\" src=\"https:\/\/www.cernamadona.com\/celetna\/en\/wp-content\/uploads\/madonaxi-8665.jpg\" alt=\"\" class=\"wp-image-635\" srcset=\"https:\/\/www.cernamadona.com\/celetna\/en\/wp-content\/uploads\/madonaxi-8665.jpg 1200w, https:\/\/www.cernamadona.com\/celetna\/en\/wp-content\/uploads\/madonaxi-8665-480x600.jpg 480w, https:\/\/www.cernamadona.com\/celetna\/en\/wp-content\/uploads\/madonaxi-8665-768x960.jpg 768w\" sizes=\"auto, (max-width: 1200px) 100vw, 1200px\" \/><\/figure>\n\n\n\n<figure class=\"wp-block-image size-large\"><img loading=\"lazy\" decoding=\"async\" width=\"1200\" height=\"960\" data-id=\"634\" src=\"https:\/\/www.cernamadona.com\/celetna\/en\/wp-content\/uploads\/madonaxi-8653.jpg\" alt=\"\" class=\"wp-image-634\" srcset=\"https:\/\/www.cernamadona.com\/celetna\/en\/wp-content\/uploads\/madonaxi-8653.jpg 1200w, https:\/\/www.cernamadona.com\/celetna\/en\/wp-content\/uploads\/madonaxi-8653-600x480.jpg 600w, https:\/\/www.cernamadona.com\/celetna\/en\/wp-content\/uploads\/madonaxi-8653-768x614.jpg 768w\" sizes=\"auto, (max-width: 1200px) 100vw, 1200px\" \/><\/figure>\n<\/figure>\n\n\n\n<p style=\"font-size:18px\">Go\u010d\u00e1r\u2019s first plans were not well received by the historical buildings authority in Bohemia. Subsequent designs incorporated more Cubist features into the building. The Prague City Council eventually approved the plans on August 4, 1911. Go\u010d\u00e1r\u2019s early modernist orientation (as can be seen in the original plans for the building), gave way to new Cubist designs in the finished building. The angular bay windows, iconic capitals between windows, and cubist balcony railing took their place in the designs.<\/p>\n\n\n\n<p style=\"font-size:18px\">Like many of Go\u010d\u00e1r\u2019s houses, the House of the Black Madonna was built with a reinforced-concrete skeleton inspired by the Chicago School (architecture). Cubist interiors have proven a challenge to architects. The use of a reinforced-concrete skeleton allowed for large interior spaces without ceiling support that were better suited to Cubist aesthetics.<\/p>\n\n\n\n<p style=\"font-size:18px\">Cubism is an early-20th-century avant-garde art movement that revolutionized European painting and sculpture, and inspired related movements in music, literature and architecture. Cubism has been considered the most influential art movement of the 20th century.<\/p>\n\n\n\n<div style=\"height:15px\" aria-hidden=\"true\" class=\"wp-block-spacer\"><\/div>\n\n\n\n<div style=\"height:30px\" aria-hidden=\"true\" class=\"wp-block-spacer\"><\/div>\n","protected":false},"excerpt":{"rendered":"<p>D\u016fm U \u010cern\u00e9 Matky Bo\u017e\u00ed (The House of the Black Mother) The House of the Black Mother (U \u010cern\u00e9 Matky Bo\u017e\u00ed), sometimes referred to as Black Mother of the Lord, was designed and built between 1911 and 1912 on the corner of Celetn\u00e1 Street and Ovocn\u00fd trh. Josef Go\u010d\u00e1r built the house as the first [&hellip;]<\/p>\n","protected":false},"author":3,"featured_media":0,"parent":0,"menu_order":0,"comment_status":"closed","ping_status":"closed","template":"","meta":{"site-sidebar-layout":"default","site-content-layout":"","ast-site-content-layout":"default","site-content-style":"default","site-sidebar-style":"default","ast-global-header-display":"","ast-banner-title-visibility":"","ast-main-header-display":"","ast-hfb-above-header-display":"","ast-hfb-below-header-display":"","ast-hfb-mobile-header-display":"","site-post-title":"disabled","ast-breadcrumbs-content":"","ast-featured-img":"","footer-sml-layout":"","ast-disable-related-posts":"","theme-transparent-header-meta":"","adv-header-id-meta":"","stick-header-meta":"","header-above-stick-meta":"","header-main-stick-meta":"","header-below-stick-meta":"","astra-migrate-meta-layouts":"set","ast-page-background-enabled":"default","ast-page-background-meta":{"desktop":{"background-color":"var(--ast-global-color-4)","background-image":"","background-repeat":"repeat","background-position":"center center","background-size":"auto","background-attachment":"scroll","background-type":"","background-media":"","overlay-type":"","overlay-color":"","overlay-opacity":"","overlay-gradient":""},"tablet":{"background-color":"","background-image":"","background-repeat":"repeat","background-position":"center center","background-size":"auto","background-attachment":"scroll","background-type":"","background-media":"","overlay-type":"","overlay-color":"","overlay-opacity":"","overlay-gradient":""},"mobile":{"background-color":"","background-image":"","background-repeat":"repeat","background-position":"center center","background-size":"auto","background-attachment":"scroll","background-type":"","background-media":"","overlay-type":"","overlay-color":"","overlay-opacity":"","overlay-gradient":""}},"ast-content-background-meta":{"desktop":{"background-color":"var(--ast-global-color-5)","background-image":"","background-repeat":"repeat","background-position":"center center","background-size":"auto","background-attachment":"scroll","background-type":"","background-media":"","overlay-type":"","overlay-color":"","overlay-opacity":"","overlay-gradient":""},"tablet":{"background-color":"var(--ast-global-color-5)","background-image":"","background-repeat":"repeat","background-position":"center center","background-size":"auto","background-attachment":"scroll","background-type":"","background-media":"","overlay-type":"","overlay-color":"","overlay-opacity":"","overlay-gradient":""},"mobile":{"background-color":"var(--ast-global-color-5)","background-image":"","background-repeat":"repeat","background-position":"center center","background-size":"auto","background-attachment":"scroll","background-type":"","background-media":"","overlay-type":"","overlay-color":"","overlay-opacity":"","overlay-gradient":""}},"footnotes":""},"class_list":["post-618","page","type-page","status-publish","hentry"],"_links":{"self":[{"href":"https:\/\/www.cernamadona.com\/celetna\/en\/wp-json\/wp\/v2\/pages\/618","targetHints":{"allow":["GET"]}}],"collection":[{"href":"https:\/\/www.cernamadona.com\/celetna\/en\/wp-json\/wp\/v2\/pages"}],"about":[{"href":"https:\/\/www.cernamadona.com\/celetna\/en\/wp-json\/wp\/v2\/types\/page"}],"author":[{"embeddable":true,"href":"https:\/\/www.cernamadona.com\/celetna\/en\/wp-json\/wp\/v2\/users\/3"}],"replies":[{"embeddable":true,"href":"https:\/\/www.cernamadona.com\/celetna\/en\/wp-json\/wp\/v2\/comments?post=618"}],"version-history":[{"count":21,"href":"https:\/\/www.cernamadona.com\/celetna\/en\/wp-json\/wp\/v2\/pages\/618\/revisions"}],"predecessor-version":[{"id":898,"href":"https:\/\/www.cernamadona.com\/celetna\/en\/wp-json\/wp\/v2\/pages\/618\/revisions\/898"}],"wp:attachment":[{"href":"https:\/\/www.cernamadona.com\/celetna\/en\/wp-json\/wp\/v2\/media?parent=618"}],"curies":[{"name":"wp","href":"https:\/\/api.w.org\/{rel}","templated":true}]}}